{"id":424,"date":"2025-07-15T12:52:33","date_gmt":"2025-07-15T16:52:33","guid":{"rendered":"https:\/\/www3.colegiovirtualadventista.cl\/?page_id=424"},"modified":"2025-08-20T16:33:55","modified_gmt":"2025-08-20T20:33:55","slug":"finanzas","status":"publish","type":"page","link":"https:\/\/www2.colegiovirtualadventista.cl\/?page_id=424","title":{"rendered":"Finanzas"},"content":{"rendered":"\t\t<div data-elementor-type=\"wp-page\" data-elementor-id=\"424\" class=\"elementor elementor-424\" data-elementor-post-type=\"page\">\n\t\t\t\t<div class=\"elementor-element elementor-element-a568a4b e-flex e-con-boxed e-con e-parent\" data-id=\"a568a4b\" data-element_type=\"container\" data-e-type=\"container\">\n\t\t\t\t\t<div class=\"e-con-inner\">\n\t\t\t\t<div class=\"elementor-element elementor-element-92e3d5c elementor-widget elementor-widget-image\" data-id=\"92e3d5c\" data-element_type=\"widget\" data-e-type=\"widget\" data-widget_type=\"image.default\">\n\t\t\t\t\t\t\t\t\t\t\t\t\t\t\t<img fetchpriority=\"high\" decoding=\"async\" width=\"1600\" height=\"316\" src=\"https:\/\/www2.colegiovirtualadventista.cl\/wp-content\/uploads\/2025\/08\/Imagen-de-WhatsApp-2025-08-17-a-las-18.57.44_2c184daa.jpg\" class=\"attachment-full size-full wp-image-1125\" alt=\"\" srcset=\"https:\/\/www2.colegiovirtualadventista.cl\/wp-content\/uploads\/2025\/08\/Imagen-de-WhatsApp-2025-08-17-a-las-18.57.44_2c184daa.jpg 1600w, https:\/\/www2.colegiovirtualadventista.cl\/wp-content\/uploads\/2025\/08\/Imagen-de-WhatsApp-2025-08-17-a-las-18.57.44_2c184daa-300x59.jpg 300w, https:\/\/www2.colegiovirtualadventista.cl\/wp-content\/uploads\/2025\/08\/Imagen-de-WhatsApp-2025-08-17-a-las-18.57.44_2c184daa-1024x202.jpg 1024w, https:\/\/www2.colegiovirtualadventista.cl\/wp-content\/uploads\/2025\/08\/Imagen-de-WhatsApp-2025-08-17-a-las-18.57.44_2c184daa-768x152.jpg 768w, https:\/\/www2.colegiovirtualadventista.cl\/wp-content\/uploads\/2025\/08\/Imagen-de-WhatsApp-2025-08-17-a-las-18.57.44_2c184daa-1536x303.jpg 1536w\" sizes=\"(max-width: 1600px) 100vw, 1600px\" \/>\t\t\t\t\t\t\t\t\t\t\t\t\t\t\t<\/div>\n\t\t\t\t\t<\/div>\n\t\t\t\t<\/div>\n\t\t<div class=\"elementor-element elementor-element-b1e05a8 e-flex e-con-boxed e-con e-parent\" data-id=\"b1e05a8\" data-element_type=\"container\" data-e-type=\"container\">\n\t\t\t\t\t<div class=\"e-con-inner\">\n\t\t\t\t<div class=\"elementor-element elementor-element-21b1a8f elementor-button-success elementor-align-center elementor-widget elementor-widget-button\" data-id=\"21b1a8f\" data-element_type=\"widget\" data-e-type=\"widget\" data-widget_type=\"button.default\">\n\t\t\t\t\t\t\t\t\t\t<a class=\"elementor-button elementor-size-sm\" role=\"button\" id=\"Protocolo 20205\">\n\t\t\t\t\t\t<span class=\"elementor-button-content-wrapper\">\n\t\t\t\t\t\t<span class=\"elementor-button-icon\">\n\t\t\t\t<svg aria-hidden=\"true\" class=\"e-font-icon-svg e-far-arrow-alt-circle-down\" viewBox=\"0 0 512 512\" xmlns=\"http:\/\/www.w3.org\/2000\/svg\"><path d=\"M256 8C119 8 8 119 8 256s111 248 248 248 248-111 248-248S393 8 256 8zm0 448c-110.5 0-200-89.5-200-200S145.5 56 256 56s200 89.5 200 200-89.5 200-200 200zm-32-316v116h-67c-10.7 0-16 12.9-8.5 20.5l99 99c4.7 4.7 12.3 4.7 17 0l99-99c7.6-7.6 2.2-20.5-8.5-20.5h-67V140c0-6.6-5.4-12-12-12h-40c-6.6 0-12 5.4-12 12z\"><\/path><\/svg>\t\t\t<\/span>\n\t\t\t\t\t\t\t\t\t<span class=\"elementor-button-text\">Protocolo de matr\u00edcula 2026 disponible desde el 29 de agosto<\/span>\n\t\t\t\t\t<\/span>\n\t\t\t\t\t<\/a>\n\t\t\t\t\t\t\t\t<\/div>\n\t\t\t\t<div class=\"elementor-element elementor-element-2b00eb6 elementor-widget elementor-widget-heading\" data-id=\"2b00eb6\" data-element_type=\"widget\" data-e-type=\"widget\" data-widget_type=\"heading.default\">\n\t\t\t\t\t<h2 class=\"elementor-heading-title elementor-size-default\"><b>Costo de matr\u00edcula y arancel 2026<\/b><\/h2>\t\t\t\t<\/div>\n\t\t\t\t\t<\/div>\n\t\t\t\t<\/div>\n\t\t<div class=\"elementor-element elementor-element-7126b0a e-grid e-con-boxed e-con e-parent\" data-id=\"7126b0a\" data-element_type=\"container\" data-e-type=\"container\">\n\t\t\t\t\t<div class=\"e-con-inner\">\n\t\t\t\t<div class=\"elementor-element elementor-element-3820f5e elementor-widget elementor-widget-text-editor\" data-id=\"3820f5e\" data-element_type=\"widget\" data-e-type=\"widget\" data-widget_type=\"text-editor.default\">\n\t\t\t\t\t\t\t\t\t<h5><b>Pre &#8211; B\u00e1sica\u00a0<br \/><\/b><b>Matricula $ 165.000<br \/><\/b><b>Arancel Anual 2026<br \/><\/b><b>$ 1.035.000<\/b><\/h5><p>.<\/p>\t\t\t\t\t\t\t\t<\/div>\n\t\t\t\t<div class=\"elementor-element elementor-element-bcfac2b elementor-widget elementor-widget-text-editor\" data-id=\"bcfac2b\" data-element_type=\"widget\" data-e-type=\"widget\" data-widget_type=\"text-editor.default\">\n\t\t\t\t\t\t\t\t\t<h5><b>Ense\u00f1anza B\u00e1sica<br \/><\/b><b>Matr\u00edcula $170.000<br \/><\/b><b>Arancel Anual 2026<br \/><\/b><b>$1.035.000<\/b><\/h5>\t\t\t\t\t\t\t\t<\/div>\n\t\t\t\t<div class=\"elementor-element elementor-element-7546489 elementor-widget elementor-widget-text-editor\" data-id=\"7546489\" data-element_type=\"widget\" data-e-type=\"widget\" data-widget_type=\"text-editor.default\">\n\t\t\t\t\t\t\t\t\t<h5><b>Ense\u00f1anza Media<br \/><\/b><b>Matr\u00edcula $170.000<br \/><\/b><b>Arancel Anual 2026<br \/><\/b><b>$1.035.000<\/b><\/h5><p>.<\/p>\t\t\t\t\t\t\t\t<\/div>\n\t\t\t\t\t<\/div>\n\t\t\t\t<\/div>\n\t\t<div class=\"elementor-element elementor-element-498aa38 e-flex e-con-boxed e-con e-parent\" data-id=\"498aa38\" data-element_type=\"container\" data-e-type=\"container\">\n\t\t\t\t\t<div class=\"e-con-inner\">\n\t\t\t\t<div class=\"elementor-element elementor-element-9deb158 elementor-widget elementor-widget-spacer\" data-id=\"9deb158\" data-element_type=\"widget\" data-e-type=\"widget\" data-widget_type=\"spacer.default\">\n\t\t\t\t\t\t\t<div class=\"elementor-spacer\">\n\t\t\t<div class=\"elementor-spacer-inner\"><\/div>\n\t\t<\/div>\n\t\t\t\t\t\t<\/div>\n\t\t\t\t<div class=\"elementor-element elementor-element-cac0157 elementor-widget elementor-widget-heading\" data-id=\"cac0157\" data-element_type=\"widget\" data-e-type=\"widget\" data-widget_type=\"heading.default\">\n\t\t\t\t\t<h2 class=\"elementor-heading-title elementor-size-default\">Puedes utilizar los siguientes medios de pago <\/h2>\t\t\t\t<\/div>\n\t\t\t\t\t<\/div>\n\t\t\t\t<\/div>\n\t\t<div class=\"elementor-element elementor-element-2014c28 e-flex e-con-boxed e-con e-parent\" data-id=\"2014c28\" data-element_type=\"container\" data-e-type=\"container\">\n\t\t\t\t\t<div class=\"e-con-inner\">\n\t\t<div class=\"elementor-element elementor-element-bdd06fa e-con-full e-flex e-con e-child\" data-id=\"bdd06fa\" data-element_type=\"container\" data-e-type=\"container\">\n\t\t<div class=\"elementor-element elementor-element-6fdbeec e-con-full e-flex e-con e-child\" data-id=\"6fdbeec\" data-element_type=\"container\" data-e-type=\"container\">\n\t\t\t\t<div class=\"elementor-element elementor-element-ac5bec1 elementor-widget elementor-widget-image\" data-id=\"ac5bec1\" data-element_type=\"widget\" data-e-type=\"widget\" data-widget_type=\"image.default\">\n\t\t\t\t\t\t\t\t\t\t\t\t\t\t\t<img decoding=\"async\" width=\"730\" height=\"682\" src=\"https:\/\/www2.colegiovirtualadventista.cl\/wp-content\/uploads\/2025\/07\/Captura-de-pantalla-2025-07-25-152228.png\" class=\"attachment-1536x1536 size-1536x1536 wp-image-631\" alt=\"\" srcset=\"https:\/\/www2.colegiovirtualadventista.cl\/wp-content\/uploads\/2025\/07\/Captura-de-pantalla-2025-07-25-152228.png 730w, https:\/\/www2.colegiovirtualadventista.cl\/wp-content\/uploads\/2025\/07\/Captura-de-pantalla-2025-07-25-152228-300x280.png 300w\" sizes=\"(max-width: 730px) 100vw, 730px\" \/>\t\t\t\t\t\t\t\t\t\t\t\t\t\t\t<\/div>\n\t\t\t\t<div class=\"elementor-element elementor-element-ed4b033 elementor-align-center elementor-widget elementor-widget-button\" data-id=\"ed4b033\" data-element_type=\"widget\" data-e-type=\"widget\" data-widget_type=\"button.default\">\n\t\t\t\t\t\t\t\t\t\t<a class=\"elementor-button elementor-button-link elementor-size-sm\" href=\"https:\/\/www.webpay.cl\/form-pay\/39058\">\n\t\t\t\t\t\t<span class=\"elementor-button-content-wrapper\">\n\t\t\t\t\t\t\t\t\t<span class=\"elementor-button-text\">Haz clic aqu\u00ed <\/span>\n\t\t\t\t\t<\/span>\n\t\t\t\t\t<\/a>\n\t\t\t\t\t\t\t\t<\/div>\n\t\t\t\t<\/div>\n\t\t\t\t<\/div>\n\t\t<div class=\"elementor-element elementor-element-32467b5 e-con-full e-flex e-con e-child\" data-id=\"32467b5\" data-element_type=\"container\" data-e-type=\"container\">\n\t\t\t\t<div class=\"elementor-element elementor-element-e9152c4 elementor-widget elementor-widget-spacer\" data-id=\"e9152c4\" data-element_type=\"widget\" data-e-type=\"widget\" data-widget_type=\"spacer.default\">\n\t\t\t\t\t\t\t<div class=\"elementor-spacer\">\n\t\t\t<div class=\"elementor-spacer-inner\"><\/div>\n\t\t<\/div>\n\t\t\t\t\t\t<\/div>\n\t\t\t\t<div class=\"elementor-element elementor-element-2d5a4dc elementor-widget elementor-widget-text-editor\" data-id=\"2d5a4dc\" data-element_type=\"widget\" data-e-type=\"widget\" data-widget_type=\"text-editor.default\">\n\t\t\t\t\t\t\t\t\t<div class=\"elementor-element elementor-element-8b21216 elementor-widget elementor-widget-heading\" data-id=\"8b21216\" data-element_type=\"widget\" data-widget_type=\"heading.default\"><div class=\"elementor-widget-container\"><h5 class=\"elementor-heading-title elementor-size-default\" style=\"padding-left: 40px;\">\u00a0<\/h5><div><strong><span style=\"color: inherit; font-family: inherit; font-size: 1rem; text-align: center;\">Transferencias deben ser realizadas a:\u00a0<\/span><\/strong><\/div><div>\u00a0<\/div><div><span style=\"color: inherit; font-family: inherit; font-size: 1rem; text-align: center;\">\u00a0 \u00a0 \u00a0 Nombre: Corporaci\u00f3n Iglesia de los Adventistas del 7\u00b0 d\u00eda.<\/span><\/div><div><span style=\"color: inherit; font-family: inherit; font-size: 1rem; text-align: center;\">\u00a0 \u00a0 \u00a0 Rut: 82.745.300-5\u00a0\u00a0<\/span><\/div><div><span style=\"color: inherit; font-family: inherit; font-size: 1rem; text-align: center;\">\u00a0 \u00a0 \u00a0 Banco: ITA\u00da<\/span><\/div><div><span style=\"color: inherit; font-family: inherit; font-size: 1rem; text-align: center;\">\u00a0 \u00a0 \u00a0 Cuenta Corriente: 0221712495<\/span><\/div><\/div><\/div>\t\t\t\t\t\t\t\t<\/div>\n\t\t\t\t<\/div>\n\t\t\t\t\t<\/div>\n\t\t\t\t<\/div>\n\t\t<div class=\"elementor-element elementor-element-334d5eb e-flex e-con-boxed e-con e-parent\" data-id=\"334d5eb\" data-element_type=\"container\" data-e-type=\"container\">\n\t\t\t\t\t<div class=\"e-con-inner\">\n\t\t\t\t<div class=\"elementor-element elementor-element-cbeeb4d elementor-widget elementor-widget-heading\" data-id=\"cbeeb4d\" data-element_type=\"widget\" data-e-type=\"widget\" data-widget_type=\"heading.default\">\n\t\t\t\t\t<h2 class=\"elementor-heading-title elementor-size-default\"><b>Recuerda<\/b><\/h2>\t\t\t\t<\/div>\n\t\t\t\t\t<\/div>\n\t\t\t\t<\/div>\n\t\t<div class=\"elementor-element elementor-element-316e6ab e-con-full e-flex e-con e-parent\" data-id=\"316e6ab\" data-element_type=\"container\" data-e-type=\"container\">\n\t\t\t\t<div class=\"elementor-element elementor-element-e23626f elementor-widget elementor-widget-text-editor\" data-id=\"e23626f\" data-element_type=\"widget\" data-e-type=\"widget\" data-widget_type=\"text-editor.default\">\n\t\t\t\t\t\t\t\t\t<p><strong>Siempre debe enviar el comprobante de transferencia o webpay al correo finanzas@educahope.cl el mensaje debe contener la siguiente informaci\u00f3n:<\/strong><\/p>\n<p>&nbsp; &nbsp; &nbsp; &nbsp; &nbsp; &nbsp; &nbsp; &nbsp; &nbsp;1.- Nombre y apellido del estudiante&nbsp;<\/p>\n<p>&nbsp; &nbsp; &nbsp; &nbsp; &nbsp; &nbsp; &nbsp; &nbsp; &nbsp;2.- Rut del estudiante<\/p>\n<p>&nbsp; &nbsp; &nbsp; &nbsp; &nbsp; &nbsp; &nbsp; &nbsp; &nbsp;3.- Curso del estudiante<\/p>\n<p>&nbsp; &nbsp; &nbsp; &nbsp; &nbsp;<b>Ante cualquier duda o consulta la puede realizar a:<\/b><\/p>\n<p>&nbsp; &nbsp; &nbsp; &nbsp; &nbsp; &nbsp; &nbsp; &nbsp; &nbsp; 1.- Correo finanzas@educahope.cl<\/p>\n<p>&nbsp; &nbsp; &nbsp; &nbsp; &nbsp; &nbsp; &nbsp; &nbsp; &nbsp; 2.- Tel\u00e9fono de finanzas +56 968242336<\/p>\t\t\t\t\t\t\t\t<\/div>\n\t\t\t\t<div class=\"elementor-element elementor-element-9122407 elementor-widget elementor-widget-spacer\" data-id=\"9122407\" data-element_type=\"widget\" data-e-type=\"widget\" data-widget_type=\"spacer.default\">\n\t\t\t\t\t\t\t<div class=\"elementor-spacer\">\n\t\t\t<div class=\"elementor-spacer-inner\"><\/div>\n\t\t<\/div>\n\t\t\t\t\t\t<\/div>\n\t\t\t\t<\/div>\n\t\t<div class=\"elementor-element elementor-element-46ed139 e-flex e-con-boxed e-con e-parent\" data-id=\"46ed139\" data-element_type=\"container\" data-e-type=\"container\">\n\t\t\t\t\t<div class=\"e-con-inner\">\n\t\t\t\t<div class=\"elementor-element elementor-element-e6ec7e8 elementor-widget elementor-widget-google_maps\" data-id=\"e6ec7e8\" data-element_type=\"widget\" data-e-type=\"widget\" data-widget_type=\"google_maps.default\">\n\t\t\t\t\t\t\t<div class=\"elementor-custom-embed\">\n\t\t\t<iframe loading=\"lazy\"\n\t\t\t\t\tsrc=\"https:\/\/maps.google.com\/maps?q=universidad%20adventista&#038;t=m&#038;z=15&#038;output=embed&#038;iwloc=near\"\n\t\t\t\t\ttitle=\"universidad adventista\"\n\t\t\t\t\taria-label=\"universidad adventista\"\n\t\t\t><\/iframe>\n\t\t<\/div>\n\t\t\t\t\t\t<\/div>\n\t\t\t\t\t<\/div>\n\t\t\t\t<\/div>\n\t\t\t\t<\/div>\n\t\t","protected":false},"excerpt":{"rendered":"<p>Protocolo de matr\u00edcula 2026 disponible desde el 29 de agosto Costo de matr\u00edcula y arancel 2026 Pre &#8211; B\u00e1sica\u00a0Matricula $ 165.000Arancel Anual 2026$ 1.035.000 . Ense\u00f1anza B\u00e1sicaMatr\u00edcula $170.000Arancel Anual 2026$1.035.000 Ense\u00f1anza MediaMatr\u00edcula $170.000Arancel Anual 2026$1.035.000 . Puedes utilizar los siguientes medios de pago Haz clic aqu\u00ed \u00a0 Transferencias deben ser realizadas a:\u00a0\u00a0\u00a0 \u00a0 \u00a0 Nombre: [&hellip;]<\/p>\n","protected":false},"author":2,"featured_media":0,"parent":0,"menu_order":0,"comment_status":"closed","ping_status":"closed","template":"","meta":{"footnotes":""},"class_list":["post-424","page","type-page","status-publish","hentry"],"_links":{"self":[{"href":"https:\/\/www2.colegiovirtualadventista.cl\/index.php?rest_route=\/wp\/v2\/pages\/424","targetHints":{"allow":["GET"]}}],"collection":[{"href":"https:\/\/www2.colegiovirtualadventista.cl\/index.php?rest_route=\/wp\/v2\/pages"}],"about":[{"href":"https:\/\/www2.colegiovirtualadventista.cl\/index.php?rest_route=\/wp\/v2\/types\/page"}],"author":[{"embeddable":true,"href":"https:\/\/www2.colegiovirtualadventista.cl\/index.php?rest_route=\/wp\/v2\/users\/2"}],"replies":[{"embeddable":true,"href":"https:\/\/www2.colegiovirtualadventista.cl\/index.php?rest_route=%2Fwp%2Fv2%2Fcomments&post=424"}],"version-history":[{"count":337,"href":"https:\/\/www2.colegiovirtualadventista.cl\/index.php?rest_route=\/wp\/v2\/pages\/424\/revisions"}],"predecessor-version":[{"id":1541,"href":"https:\/\/www2.colegiovirtualadventista.cl\/index.php?rest_route=\/wp\/v2\/pages\/424\/revisions\/1541"}],"wp:attachment":[{"href":"https:\/\/www2.colegiovirtualadventista.cl\/index.php?rest_route=%2Fwp%2Fv2%2Fmedia&parent=424"}],"curies":[{"name":"wp","href":"https:\/\/api.w.org\/{rel}","templated":true}]}}