{"id":518,"date":"2025-07-24T19:04:13","date_gmt":"2025-07-24T23:04:13","guid":{"rendered":"https:\/\/www3.colegiovirtualadventista.cl\/?page_id=518"},"modified":"2025-08-21T05:24:52","modified_gmt":"2025-08-21T09:24:52","slug":"inicio-eh","status":"publish","type":"page","link":"https:\/\/www2.colegiovirtualadventista.cl\/","title":{"rendered":"inicio"},"content":{"rendered":"\t\t<div data-elementor-type=\"wp-page\" data-elementor-id=\"518\" class=\"elementor elementor-518\" data-elementor-post-type=\"page\">\n\t\t\t\t<div class=\"elementor-element elementor-element-080362c e-flex e-con-boxed e-con e-parent\" data-id=\"080362c\" data-element_type=\"container\" data-e-type=\"container\">\n\t\t\t\t\t<div class=\"e-con-inner\">\n\t\t\t\t<div class=\"elementor-element elementor-element-40a65de elementor--h-position-center elementor--v-position-middle elementor-arrows-position-inside elementor-pagination-position-inside elementor-widget elementor-widget-slides\" data-id=\"40a65de\" data-element_type=\"widget\" data-e-type=\"widget\" data-settings=\"{&quot;autoplay_speed&quot;:3500,&quot;_animation&quot;:&quot;none&quot;,&quot;motion_fx_motion_fx_scrolling&quot;:&quot;yes&quot;,&quot;motion_fx_translateX_effect&quot;:&quot;yes&quot;,&quot;motion_fx_translateX_speed&quot;:{&quot;unit&quot;:&quot;px&quot;,&quot;size&quot;:0.4,&quot;sizes&quot;:[]},&quot;motion_fx_translateY_effect&quot;:&quot;yes&quot;,&quot;motion_fx_translateY_speed&quot;:{&quot;unit&quot;:&quot;px&quot;,&quot;size&quot;:0,&quot;sizes&quot;:[]},&quot;transition_speed&quot;:2500,&quot;navigation&quot;:&quot;both&quot;,&quot;autoplay&quot;:&quot;yes&quot;,&quot;pause_on_hover&quot;:&quot;yes&quot;,&quot;pause_on_interaction&quot;:&quot;yes&quot;,&quot;infinite&quot;:&quot;yes&quot;,&quot;transition&quot;:&quot;slide&quot;,&quot;motion_fx_translateY_affectedRange&quot;:{&quot;unit&quot;:&quot;%&quot;,&quot;size&quot;:&quot;&quot;,&quot;sizes&quot;:{&quot;start&quot;:0,&quot;end&quot;:100}},&quot;motion_fx_translateX_affectedRange&quot;:{&quot;unit&quot;:&quot;%&quot;,&quot;size&quot;:&quot;&quot;,&quot;sizes&quot;:{&quot;start&quot;:0,&quot;end&quot;:100}},&quot;motion_fx_devices&quot;:[&quot;desktop&quot;,&quot;tablet&quot;,&quot;mobile&quot;]}\" data-widget_type=\"slides.default\">\n\t\t\t\t\t\t\t\t\t\t<div class=\"elementor-slides-wrapper elementor-main-swiper swiper\" role=\"region\" aria-roledescription=\"carousel\" aria-label=\"Diapositivas\" dir=\"ltr\" data-animation=\"fadeInUp\">\n\t\t\t\t<div class=\"swiper-wrapper elementor-slides\">\n\t\t\t\t\t\t\t\t\t\t<div class=\"elementor-repeater-item-04bd5e9 swiper-slide\" role=\"group\" aria-roledescription=\"slide\"><div class=\"swiper-slide-bg\" role=\"img\"><\/div><a class=\"swiper-slide-inner\" href=\"https:\/\/docs.google.com\/forms\/d\/e\/1FAIpQLSdZr_fhTCust-HK705DdZOswUL6zZ4dNipUywbygKbm9UnpCw\/viewform?usp=pp_url\"><div class=\"swiper-slide-contents\"><h1 class=\"elementor-slide-heading\">Postulaciones 2026<\/h1><div class=\"elementor-slide-description\">Se parte de Colegio Virtual Adventista <\/div><div  class=\"elementor-button elementor-slide-button elementor-size-md\">Haz clic aqu\u00ed<\/div><\/div><\/a><\/div><div class=\"elementor-repeater-item-42932e2 swiper-slide\" role=\"group\" aria-roledescription=\"slide\"><div class=\"swiper-slide-bg\" role=\"img\"><\/div><a class=\"swiper-slide-inner\" href=\"https:\/\/docs.google.com\/forms\/d\/e\/1FAIpQLSdZr_fhTCust-HK705DdZOswUL6zZ4dNipUywbygKbm9UnpCw\/viewform?usp=pp_url\"><div class=\"swiper-slide-contents\"><h1 class=\"elementor-slide-heading\">Admisi\u00f3n 2026 <\/h1><div class=\"elementor-slide-description\">Ven a ser parte de Educa Hope 2026<\/div><div  class=\"elementor-button elementor-slide-button elementor-size-md\">Haz clic aqu\u00ed<\/div><\/div><\/a><\/div><div class=\"elementor-repeater-item-63f2e04 swiper-slide\" role=\"group\" aria-roledescription=\"slide\"><div class=\"swiper-slide-bg\" role=\"img\"><\/div><a class=\"swiper-slide-inner\" href=\"https:\/\/docs.google.com\/forms\/d\/e\/1FAIpQLSdZr_fhTCust-HK705DdZOswUL6zZ4dNipUywbygKbm9UnpCw\/viewform?usp=pp_url\"><div class=\"swiper-slide-contents\"><h1 class=\"elementor-slide-heading\">Postulaciones 2026<\/h1><div class=\"elementor-slide-description\">Se parte de Colegio Virtual Educa Hope 2026<\/div><div  class=\"elementor-button elementor-slide-button elementor-size-md\">Haz clic aqu\u00ed<\/div><\/div><\/a><\/div><div class=\"elementor-repeater-item-a26131e swiper-slide\" role=\"group\" aria-roledescription=\"slide\"><div class=\"swiper-slide-bg\" role=\"img\"><\/div><a class=\"swiper-slide-inner\" href=\"https:\/\/docs.google.com\/forms\/d\/e\/1FAIpQLSdZr_fhTCust-HK705DdZOswUL6zZ4dNipUywbygKbm9UnpCw\/viewform?usp=pp_url\"><div class=\"swiper-slide-contents\"><h1 class=\"elementor-slide-heading\">Postulaciones 2026<\/h1><div class=\"elementor-slide-description\">Te invito a ser parte de Educa Hope <\/div><div  class=\"elementor-button elementor-slide-button elementor-size-md\">Haz clic aqu\u00ed<\/div><\/div><\/a><\/div>\t\t\t\t<\/div>\n\t\t\t\t\t\t\t\t\t\t\t\t\t\t\t<div class=\"elementor-swiper-button elementor-swiper-button-prev\" role=\"button\" tabindex=\"0\" aria-label=\"Diapositiva anterior\">\n\t\t\t\t\t\t\t<svg aria-hidden=\"true\" class=\"e-font-icon-svg e-eicon-chevron-left\" viewBox=\"0 0 1000 1000\" xmlns=\"http:\/\/www.w3.org\/2000\/svg\"><path d=\"M646 125C629 125 613 133 604 142L308 442C296 454 292 471 292 487 292 504 296 521 308 533L604 854C617 867 629 875 646 875 663 875 679 871 692 858 704 846 713 829 713 812 713 796 708 779 692 767L438 487 692 225C700 217 708 204 708 187 708 171 704 154 692 142 675 129 663 125 646 125Z\"><\/path><\/svg>\t\t\t\t\t\t<\/div>\n\t\t\t\t\t\t<div class=\"elementor-swiper-button elementor-swiper-button-next\" role=\"button\" tabindex=\"0\" aria-label=\"Diapositiva siguiente\">\n\t\t\t\t\t\t\t<svg aria-hidden=\"true\" class=\"e-font-icon-svg e-eicon-chevron-right\" viewBox=\"0 0 1000 1000\" xmlns=\"http:\/\/www.w3.org\/2000\/svg\"><path d=\"M696 533C708 521 713 504 713 487 713 471 708 454 696 446L400 146C388 133 375 125 354 125 338 125 325 129 313 142 300 154 292 171 292 187 292 204 296 221 308 233L563 492 304 771C292 783 288 800 288 817 288 833 296 850 308 863 321 871 338 875 354 875 371 875 388 867 400 854L696 533Z\"><\/path><\/svg>\t\t\t\t\t\t<\/div>\n\t\t\t\t\t\t\t\t\t\t\t\t\t\t\t\t<div class=\"swiper-pagination\"><\/div>\n\t\t\t\t\t\t\t\t\t\t\t\t<\/div>\n\t\t\t\t\t\t\t\t<\/div>\n\t\t\t\t<div class=\"elementor-element elementor-element-62161a4 elementor-button-success elementor-align-center elementor-widget elementor-widget-button\" data-id=\"62161a4\" data-element_type=\"widget\" data-e-type=\"widget\" data-widget_type=\"button.default\">\n\t\t\t\t\t\t\t\t\t\t<a class=\"elementor-button elementor-size-sm\" role=\"button\" id=\"Protocolo 20205\">\n\t\t\t\t\t\t<span class=\"elementor-button-content-wrapper\">\n\t\t\t\t\t\t<span class=\"elementor-button-icon\">\n\t\t\t\t<svg aria-hidden=\"true\" class=\"e-font-icon-svg e-far-arrow-alt-circle-down\" viewBox=\"0 0 512 512\" xmlns=\"http:\/\/www.w3.org\/2000\/svg\"><path d=\"M256 8C119 8 8 119 8 256s111 248 248 248 248-111 248-248S393 8 256 8zm0 448c-110.5 0-200-89.5-200-200S145.5 56 256 56s200 89.5 200 200-89.5 200-200 200zm-32-316v116h-67c-10.7 0-16 12.9-8.5 20.5l99 99c4.7 4.7 12.3 4.7 17 0l99-99c7.6-7.6 2.2-20.5-8.5-20.5h-67V140c0-6.6-5.4-12-12-12h-40c-6.6 0-12 5.4-12 12z\"><\/path><\/svg>\t\t\t<\/span>\n\t\t\t\t\t\t\t\t\t<span class=\"elementor-button-text\">Protocolo de matr\u00edcula 2026 disponible desde el 29 de agosto<\/span>\n\t\t\t\t\t<\/span>\n\t\t\t\t\t<\/a>\n\t\t\t\t\t\t\t\t<\/div>\n\t\t\t\t\t<\/div>\n\t\t\t\t<\/div>\n\t\t<div class=\"elementor-element elementor-element-2d1ad29 e-con-full e-flex e-con e-parent\" data-id=\"2d1ad29\" data-element_type=\"container\" data-e-type=\"container\">\n\t\t<div class=\"elementor-element elementor-element-3827fde e-con-full e-flex e-con e-child\" data-id=\"3827fde\" data-element_type=\"container\" data-e-type=\"container\">\n\t\t\t\t<div class=\"elementor-element elementor-element-e4f95dc elementor-widget elementor-widget-video\" data-id=\"e4f95dc\" data-element_type=\"widget\" data-e-type=\"widget\" data-settings=\"{&quot;video_type&quot;:&quot;hosted&quot;,&quot;controls&quot;:&quot;yes&quot;}\" data-widget_type=\"video.default\">\n\t\t\t\t\t\t\t<div class=\"e-hosted-video elementor-wrapper elementor-open-inline\">\n\t\t\t\t\t<video class=\"elementor-video\" src=\"https:\/\/colegiovirtualadventista.cl\/wp-content\/uploads\/2025\/08\/video-promocional-.mp4\" controls=\"\" preload=\"metadata\" controlsList=\"nodownload\"><\/video>\n\t\t\t\t<\/div>\n\t\t\t\t\t\t<\/div>\n\t\t\t\t<\/div>\n\t\t<div class=\"elementor-element elementor-element-c78e61a e-con-full e-flex e-con e-child\" data-id=\"c78e61a\" data-element_type=\"container\" data-e-type=\"container\">\n\t\t<div class=\"elementor-element elementor-element-22005db e-con-full e-flex e-con e-child\" data-id=\"22005db\" data-element_type=\"container\" data-e-type=\"container\">\n\t\t\t\t<div class=\"elementor-element elementor-element-e557151 elementor-widget__width-initial elementor-widget elementor-widget-heading\" data-id=\"e557151\" data-element_type=\"widget\" data-e-type=\"widget\" data-widget_type=\"heading.default\">\n\t\t\t\t\t<h1 class=\"elementor-heading-title elementor-size-default\"><b>Colegio Virtual Adventista Educa Hope<\/b> <\/h1>\t\t\t\t<\/div>\n\t\t\t\t<\/div>\n\t\t<div class=\"elementor-element elementor-element-4da78b5 e-con-full e-flex e-con e-child\" data-id=\"4da78b5\" data-element_type=\"container\" data-e-type=\"container\">\n\t\t\t\t<div class=\"elementor-element elementor-element-0e1c5b5 elementor-absolute elementor-widget__width-initial elementor-widget elementor-widget-text-editor\" data-id=\"0e1c5b5\" data-element_type=\"widget\" data-e-type=\"widget\" data-settings=\"{&quot;_position&quot;:&quot;absolute&quot;}\" data-widget_type=\"text-editor.default\">\n\t\t\t\t\t\t\t\t\t<p>Educa Hope, como parte de la red de <strong>Colegios Adventistas<\/strong>, se complace en ofrecer a sus estudiantes una educaci\u00f3n integral fundamentada en valores cristianos. Nuestro compromiso con la Biblia se refleja en el uso de materiales y recursos \u00fanicos, <strong>basados en las Sagradas Escrituras.<\/strong><\/p><p>Contamos con un plan de estudios desarrollado sobre <strong>principios b\u00edblicos y alineado con los objetivos establecidos por el Ministerio<\/strong> de Educaci\u00f3n para el proceso de validaci\u00f3n de estudios. Este plan es impartido por nuestro equipo docente, apoyado en recursos como nuestra plataforma de trabajo, textos y cuadernos de elaboraci\u00f3n propia.<\/p><p>En Educa Hope, guiamos a nuestros estudiantes hacia un futuro exitoso, combinando la excelencia acad\u00e9mica con la formaci\u00f3n espiritual, para que puedan desarrollarse plenamente como personas \u00edntegras, comprometidas con la sociedad y con una visi\u00f3n puesta en la eternidad.<\/p>\t\t\t\t\t\t\t\t<\/div>\n\t\t\t\t<\/div>\n\t\t\t\t<\/div>\n\t\t\t\t<\/div>\n\t\t<div class=\"elementor-element elementor-element-2232982 e-flex e-con-boxed e-con e-parent\" data-id=\"2232982\" data-element_type=\"container\" data-e-type=\"container\">\n\t\t\t\t\t<div class=\"e-con-inner\">\n\t\t\t\t<div class=\"elementor-element elementor-element-e69bc15 elementor-widget elementor-widget-spacer\" data-id=\"e69bc15\" data-element_type=\"widget\" data-e-type=\"widget\" data-widget_type=\"spacer.default\">\n\t\t\t\t\t\t\t<div class=\"elementor-spacer\">\n\t\t\t<div class=\"elementor-spacer-inner\"><\/div>\n\t\t<\/div>\n\t\t\t\t\t\t<\/div>\n\t\t\t\t\t<\/div>\n\t\t\t\t<\/div>\n\t\t<div class=\"elementor-element elementor-element-5c46292 e-flex e-con-boxed e-con e-parent\" data-id=\"5c46292\" data-element_type=\"container\" data-e-type=\"container\">\n\t\t\t\t\t<div class=\"e-con-inner\">\n\t\t<div class=\"elementor-element elementor-element-66f0a6f e-con-full e-flex e-con e-child\" data-id=\"66f0a6f\" data-element_type=\"container\" data-e-type=\"container\">\n\t\t\t\t<div class=\"elementor-element elementor-element-37c60c4 elementor-widget elementor-widget-image\" data-id=\"37c60c4\" data-element_type=\"widget\" data-e-type=\"widget\" data-widget_type=\"image.default\">\n\t\t\t\t\t\t\t\t\t\t\t\t\t\t\t<img decoding=\"async\" src=\"https:\/\/www2.colegiovirtualadventista.cl\/wp-content\/uploads\/2025\/08\/Captura-de-pantalla-2025-08-20-a-las-07.20.59.png\" title=\"Captura de pantalla 2025-08-20 a la(s) 07.20.59\" alt=\"Captura de pantalla 2025-08-20 a la(s) 07.20.59\" loading=\"lazy\" \/>\t\t\t\t\t\t\t\t\t\t\t\t\t\t\t<\/div>\n\t\t\t\t<div class=\"elementor-element elementor-element-037123b elementor-widget__width-initial elementor-widget elementor-widget-text-editor\" data-id=\"037123b\" data-element_type=\"widget\" data-e-type=\"widget\" data-widget_type=\"text-editor.default\">\n\t\t\t\t\t\t\t\t\t<p>En Educa Hope elaboramos textos propios creados por docentes especialistas, fundamentados en principios b\u00edblicos y val\u00f3ricos. Nuestros materiales responden al temario oficial del MINEDUC, garantizando calidad acad\u00e9mica y formaci\u00f3n integral con una visi\u00f3n cristiana.<\/p>\t\t\t\t\t\t\t\t<\/div>\n\t\t\t\t<\/div>\n\t\t<div class=\"elementor-element elementor-element-43e66af e-con-full e-flex e-con e-child\" data-id=\"43e66af\" data-element_type=\"container\" data-e-type=\"container\">\n\t\t\t\t<div class=\"elementor-element elementor-element-d8be982 elementor-widget elementor-widget-image\" data-id=\"d8be982\" data-element_type=\"widget\" data-e-type=\"widget\" data-widget_type=\"image.default\">\n\t\t\t\t\t\t\t\t\t\t\t\t\t\t\t<img decoding=\"async\" src=\"https:\/\/www2.colegiovirtualadventista.cl\/wp-content\/uploads\/2025\/08\/clases_en_vivo_1080-removebg-preview.png\" title=\"clases_en_vivo_1080-removebg-preview\" alt=\"clases_en_vivo_1080-removebg-preview\" loading=\"lazy\" \/>\t\t\t\t\t\t\t\t\t\t\t\t\t\t\t<\/div>\n\t\t\t\t<div class=\"elementor-element elementor-element-4024a30 elementor-widget__width-initial elementor-widget elementor-widget-text-editor\" data-id=\"4024a30\" data-element_type=\"widget\" data-e-type=\"widget\" data-widget_type=\"text-editor.default\">\n\t\t\t\t\t\t\t\t\t<p>Nuestras clases se realizan en vivo v\u00eda Zoom, lo que permite aprender directamente con los profesores y compartir la experiencia junto a compa\u00f1eros de distintas ciudades de Chile.<\/p>\t\t\t\t\t\t\t\t<\/div>\n\t\t\t\t<\/div>\n\t\t<div class=\"elementor-element elementor-element-5f14faf e-con-full e-flex e-con e-child\" data-id=\"5f14faf\" data-element_type=\"container\" data-e-type=\"container\">\n\t\t\t\t<div class=\"elementor-element elementor-element-87db198 elementor-widget elementor-widget-image\" data-id=\"87db198\" data-element_type=\"widget\" data-e-type=\"widget\" data-widget_type=\"image.default\">\n\t\t\t\t\t\t\t\t\t\t\t\t\t\t\t<img decoding=\"async\" src=\"https:\/\/www2.colegiovirtualadventista.cl\/wp-content\/uploads\/2025\/08\/Captura-de-pantalla-2025-08-17-155235.png\" title=\"Captura de pantalla 2025-08-17 155235\" alt=\"Captura de pantalla 2025-08-17 155235\" loading=\"lazy\" \/>\t\t\t\t\t\t\t\t\t\t\t\t\t\t\t<\/div>\n\t\t\t\t<div class=\"elementor-element elementor-element-e4157fe elementor-widget__width-initial elementor-widget elementor-widget-text-editor\" data-id=\"e4157fe\" data-element_type=\"widget\" data-e-type=\"widget\" data-widget_type=\"text-editor.default\">\n\t\t\t\t\t\t\t\t\t<p>En Educa Hope contamos con una plataforma digital exclusiva donde los estudiantes acceden a materiales complementarios que enriquecen su aprendizaje. Esta herramienta permite reforzar contenidos, potenciar habilidades y acompa\u00f1ar el proceso educativo desde el hogar, brindando a los apoderados la tranquilidad de que sus hijos cuentan con apoyo acad\u00e9mico constante.<\/p>\t\t\t\t\t\t\t\t<\/div>\n\t\t\t\t<\/div>\n\t\t<div class=\"elementor-element elementor-element-842bc73 e-con-full e-flex e-con e-child\" data-id=\"842bc73\" data-element_type=\"container\" data-e-type=\"container\">\n\t\t\t\t<div class=\"elementor-element elementor-element-468114e elementor-widget__width-initial elementor-widget elementor-widget-image\" data-id=\"468114e\" data-element_type=\"widget\" data-e-type=\"widget\" data-widget_type=\"image.default\">\n\t\t\t\t\t\t\t\t\t\t\t\t\t\t\t<img decoding=\"async\" src=\"https:\/\/www2.colegiovirtualadventista.cl\/wp-content\/uploads\/2025\/08\/profesor.png\" title=\"profesor\" alt=\"profesor\" loading=\"lazy\" \/>\t\t\t\t\t\t\t\t\t\t\t\t\t\t\t<\/div>\n\t\t\t\t<div class=\"elementor-element elementor-element-faa98ee elementor-widget__width-initial elementor-widget elementor-widget-text-editor\" data-id=\"faa98ee\" data-element_type=\"widget\" data-e-type=\"widget\" data-widget_type=\"text-editor.default\">\n\t\t\t\t\t\t\t\t\t<p>\u00a0<\/p><p>\u00a0<\/p><p>Nuestro equipo de docentes est\u00e1 conformado por personal capacitado distintas asignaturas, que adem\u00e1s se encuentran en un constante proceso de perfeccionamiento. Esto asegura que cada estudiante reciba una ense\u00f1anza actualizada, de calidad y con un compromiso genuino por su formaci\u00f3n integral.<\/p>\t\t\t\t\t\t\t\t<\/div>\n\t\t\t\t<\/div>\n\t\t\t\t\t<\/div>\n\t\t\t\t<\/div>\n\t\t<div class=\"elementor-element elementor-element-2ed09d3 e-flex e-con-boxed e-con e-parent\" data-id=\"2ed09d3\" data-element_type=\"container\" data-e-type=\"container\">\n\t\t\t\t\t<div class=\"e-con-inner\">\n\t\t<div class=\"elementor-element elementor-element-fd82a39 e-con-full e-flex e-con e-child\" data-id=\"fd82a39\" data-element_type=\"container\" data-e-type=\"container\">\n\t\t\t\t<div class=\"elementor-element elementor-element-08c4c56 elementor-widget elementor-widget-heading\" data-id=\"08c4c56\" data-element_type=\"widget\" data-e-type=\"widget\" data-widget_type=\"heading.default\">\n\t\t\t\t\t<h1 class=\"elementor-heading-title elementor-size-default\"><b>Ense\u00f1anza Pre b\u00e1sica<br>Colegio Virtual Educa Hope<\/b><\/h1>\t\t\t\t<\/div>\n\t\t\t\t<div class=\"elementor-element elementor-element-29868da elementor-widget__width-initial elementor-widget elementor-widget-text-editor\" data-id=\"29868da\" data-element_type=\"widget\" data-e-type=\"widget\" data-widget_type=\"text-editor.default\">\n\t\t\t\t\t\t\t\t\t<div class=\"elementor-element elementor-element-bd7ad8b e-con-full e-flex e-con e-child\" data-id=\"bd7ad8b\" data-element_type=\"container\" data-settings=\"{&quot;content_width&quot;:&quot;full&quot;,&quot;container_type&quot;:&quot;flex&quot;}\"><div class=\"elementor-element elementor-element-483323d elementor-widget elementor-widget-text-editor\" data-id=\"483323d\" data-element_type=\"widget\" data-widget_type=\"text-editor.default\"><div class=\"elementor-widget-container\"><div class=\"elementor-element elementor-element-7eca14d elementor-widget elementor-widget-text-editor\" data-id=\"7eca14d\" data-element_type=\"widget\" data-widget_type=\"text-editor.default\"><div class=\"elementor-widget-container\"><p>La jornada de divide en 2 bloques de 45 minutos con 1 recreo de 15 minutos.<\/p><\/div><\/div><div class=\"elementor-widget-container\"><p>Las asignaturas corresponden a: 1 hora y media de lenguaje, matem\u00e1ticas, ciencias naturales y sociales e ingl\u00e9s. Adem\u00e1s de 45 minutos de Identidad y Autonom\u00eda\/ Corporalidad y Movimiento.<\/p><\/div><div class=\"elementor-widget-container\"><p>Cada hora tiene una duraci\u00f3n de 45 minutos.<\/p><\/div><\/div><\/div><\/div><div class=\"elementor-element elementor-element-5d7d376 elementor-widget elementor-widget-spacer\" data-id=\"5d7d376\" data-element_type=\"widget\" data-widget_type=\"spacer.default\"><div class=\"elementor-widget-container\"><p class=\"elementor-spacer\">\u00a0<\/p><\/div><\/div>\t\t\t\t\t\t\t\t<\/div>\n\t\t\t\t<\/div>\n\t\t<div class=\"elementor-element elementor-element-33685dc e-con-full e-flex e-con e-child\" data-id=\"33685dc\" data-element_type=\"container\" data-e-type=\"container\">\n\t\t\t\t<div class=\"elementor-element elementor-element-d430845 elementor-widget elementor-widget-heading\" data-id=\"d430845\" data-element_type=\"widget\" data-e-type=\"widget\" data-widget_type=\"heading.default\">\n\t\t\t\t\t<h1 class=\"elementor-heading-title elementor-size-default\"><b>Ense\u00f1anza b\u00e1sica<\/b><br><b>Colegio Virtual Educa Hope<\/b><\/h1>\t\t\t\t<\/div>\n\t\t\t\t<div class=\"elementor-element elementor-element-53229f1 elementor-widget__width-initial elementor-widget elementor-widget-text-editor\" data-id=\"53229f1\" data-element_type=\"widget\" data-e-type=\"widget\" data-widget_type=\"text-editor.default\">\n\t\t\t\t\t\t\t\t\t<p class=\"elementor-element elementor-element-30e2e6a elementor-widget elementor-widget-text-editor\" data-id=\"30e2e6a\" data-element_type=\"widget\" data-widget_type=\"text-editor.default\">Las asignaturas desde 1\u00b0 a 8\u00b0 b\u00e1sico son: 4 horas de lenguaje, 4 de matem\u00e1ticas, 3 de historias, 3 de ciencias, 1 de actividad f\u00edsica, 2 religi\u00f3n, 2 habilidades para la vida y 2 ingl\u00e9s.<\/p><p class=\"elementor-element elementor-element-30e2e6a elementor-widget elementor-widget-text-editor\" data-id=\"30e2e6a\" data-element_type=\"widget\" data-widget_type=\"text-editor.default\">\u00a0<\/p><div class=\"elementor-element elementor-element-f2e87af elementor-widget elementor-widget-text-editor\" data-id=\"f2e87af\" data-element_type=\"widget\" data-widget_type=\"text-editor.default\"><div class=\"elementor-widget-container\"><p>Cada bloque de clases tiene una duraci\u00f3n de 35 minutos.<\/p><\/div><\/div>\t\t\t\t\t\t\t\t<\/div>\n\t\t\t\t<\/div>\n\t\t<div class=\"elementor-element elementor-element-6f50434 e-con-full e-flex e-con e-child\" data-id=\"6f50434\" data-element_type=\"container\" data-e-type=\"container\">\n\t\t\t\t<div class=\"elementor-element elementor-element-c95125a elementor-widget elementor-widget-heading\" data-id=\"c95125a\" data-element_type=\"widget\" data-e-type=\"widget\" data-widget_type=\"heading.default\">\n\t\t\t\t\t<h1 class=\"elementor-heading-title elementor-size-default\"><b>Ense\u00f1anza Media<br>Colegio Virtual Educa Hope<\/b><\/h1>\t\t\t\t<\/div>\n\t\t\t\t<div class=\"elementor-element elementor-element-e880085 elementor-widget__width-initial elementor-widget elementor-widget-text-editor\" data-id=\"e880085\" data-element_type=\"widget\" data-e-type=\"widget\" data-widget_type=\"text-editor.default\">\n\t\t\t\t\t\t\t\t\t<div class=\"elementor-element elementor-element-30e2e6a elementor-widget elementor-widget-text-editor\" data-id=\"30e2e6a\" data-element_type=\"widget\" data-widget_type=\"text-editor.default\"><div class=\"elementor-widget-container\"><p>La jornada se divide en 4 bloques de 35 minutos con 3 recreos de 10 minutos.<\/p><\/div><\/div><div class=\"elementor-element elementor-element-93344a0 elementor-widget elementor-widget-text-editor\" data-id=\"93344a0\" data-element_type=\"widget\" data-widget_type=\"text-editor.default\"><div class=\"elementor-widget-container\"><p>Las asignaturas desde 1\u00b0 a 4\u00b0 medio b\u00e1sico son: 4 horas de lenguaje, 4 de matem\u00e1ticas, 3 de historias, 3 de ciencias, 1 de actividad\u00a0 f\u00edsica, 2 religi\u00f3n, 2 habilidades para la vida y 2 ingl\u00e9s.\u00a0 \u00a0 Desde tercero medio 2 horas de filosof\u00eda<\/p><\/div><\/div><div class=\"elementor-element elementor-element-f2e87af elementor-widget elementor-widget-text-editor\" data-id=\"f2e87af\" data-element_type=\"widget\" data-widget_type=\"text-editor.default\"><div class=\"elementor-widget-container\"><p>Cada bloque de clases tiene una duraci\u00f3n de 35 minutos.<\/p><\/div><\/div>\t\t\t\t\t\t\t\t<\/div>\n\t\t\t\t<\/div>\n\t\t\t\t\t<\/div>\n\t\t\t\t<\/div>\n\t\t<div class=\"elementor-element elementor-element-992bef1 e-flex e-con-boxed e-con e-parent\" data-id=\"992bef1\" data-element_type=\"container\" data-e-type=\"container\">\n\t\t\t\t\t<div class=\"e-con-inner\">\n\t\t\t\t<div class=\"elementor-element elementor-element-11b251a elementor-widget elementor-widget-google_maps\" data-id=\"11b251a\" data-element_type=\"widget\" data-e-type=\"widget\" data-widget_type=\"google_maps.default\">\n\t\t\t\t\t\t\t<div class=\"elementor-custom-embed\">\n\t\t\t<iframe loading=\"lazy\"\n\t\t\t\t\tsrc=\"https:\/\/maps.google.com\/maps?q=universidad%20adventista&#038;t=m&#038;z=15&#038;output=embed&#038;iwloc=near\"\n\t\t\t\t\ttitle=\"universidad adventista\"\n\t\t\t\t\taria-label=\"universidad adventista\"\n\t\t\t><\/iframe>\n\t\t<\/div>\n\t\t\t\t\t\t<\/div>\n\t\t\t\t\t<\/div>\n\t\t\t\t<\/div>\n\t\t\t\t<\/div>\n\t\t","protected":false},"excerpt":{"rendered":"<p>Postulaciones 2026 Se parte de Colegio Virtual Adventista Haz clic aqu\u00ed Admisi\u00f3n 2026 Ven a ser parte de Educa Hope 2026Haz clic aqu\u00ed Postulaciones 2026 Se parte de Colegio Virtual Educa Hope 2026Haz clic aqu\u00ed Postulaciones 2026 Te invito a ser parte de Educa Hope Haz clic aqu\u00ed Protocolo de matr\u00edcula 2026 disponible desde el [&hellip;]<\/p>\n","protected":false},"author":2,"featured_media":0,"parent":0,"menu_order":0,"comment_status":"closed","ping_status":"closed","template":"elementor_header_footer","meta":{"footnotes":""},"class_list":["post-518","page","type-page","status-publish","hentry"],"_links":{"self":[{"href":"https:\/\/www2.colegiovirtualadventista.cl\/index.php?rest_route=\/wp\/v2\/pages\/518","targetHints":{"allow":["GET"]}}],"collection":[{"href":"https:\/\/www2.colegiovirtualadventista.cl\/index.php?rest_route=\/wp\/v2\/pages"}],"about":[{"href":"https:\/\/www2.colegiovirtualadventista.cl\/index.php?rest_route=\/wp\/v2\/types\/page"}],"author":[{"embeddable":true,"href":"https:\/\/www2.colegiovirtualadventista.cl\/index.php?rest_route=\/wp\/v2\/users\/2"}],"replies":[{"embeddable":true,"href":"https:\/\/www2.colegiovirtualadventista.cl\/index.php?rest_route=%2Fwp%2Fv2%2Fcomments&post=518"}],"version-history":[{"count":387,"href":"https:\/\/www2.colegiovirtualadventista.cl\/index.php?rest_route=\/wp\/v2\/pages\/518\/revisions"}],"predecessor-version":[{"id":1544,"href":"https:\/\/www2.colegiovirtualadventista.cl\/index.php?rest_route=\/wp\/v2\/pages\/518\/revisions\/1544"}],"wp:attachment":[{"href":"https:\/\/www2.colegiovirtualadventista.cl\/index.php?rest_route=%2Fwp%2Fv2%2Fmedia&parent=518"}],"curies":[{"name":"wp","href":"https:\/\/api.w.org\/{rel}","templated":true}]}}